{"id":2602,"date":"2024-11-16T08:25:42","date_gmt":"2024-11-16T08:25:42","guid":{"rendered":"https:\/\/asianmix.hr\/troskovi-dostave\/"},"modified":"2024-11-16T08:30:22","modified_gmt":"2024-11-16T08:30:22","slug":"troskovi-dostave","status":"publish","type":"page","link":"https:\/\/asianmix.hr\/hr\/troskovi-dostave\/","title":{"rendered":"Tro\u0161kovi dostave"},"content":{"rendered":"<div style=\"height:100px\" aria-hidden=\"true\" class=\"wp-block-spacer\"><\/div><h2 class=\"wp-block-heading\">Informacije o dostavi<\/h2><p>Nastojimo dostaviti va\u0161e narud\u017ebe brzo i pouzdano, nude\u0107i razli\u010dite opcije dostave prilago\u0111ene va\u0161oj lokaciji. U nastavku mo\u017eete prona\u0107i detaljne informacije o na\u0161im cijenama i uvjetima dostave:<\/p><hr class=\"wp-block-separator has-alpha-channel-opacity\"\/><h4 class=\"wp-block-heading\"><strong>Ludbreg i okolna podru\u010dja<\/strong><\/h4><p><strong>Po\u0161tanski brojevi:<\/strong> 42223, 42233, 42231, 42230, 42203, 42232, 42223, 40323, 48312<\/p><p><strong>Opcije dostave:<\/strong><\/p><ul class=\"wp-block-list\"><li><strong>Besplatna dostava:<\/strong> Besplatna dostava za sve narud\u017ebe.<\/li>\n\n<li><strong>Osobno preuzimanje:<\/strong> Dostupno bez dodatnih tro\u0161kova.<\/li><\/ul><hr class=\"wp-block-separator has-alpha-channel-opacity\"\/><h4 class=\"wp-block-heading\"><strong>Koprivnica, \u010cakovec, Vara\u017edin i okolna podru\u010dja<\/strong><\/h4><p><strong>Po\u0161tanski brojevi:<\/strong> 48322, 48316, 48350, 48356, 48331, 48268, 48323, 48361, 48269, 48362, 48264, 48000, 48314, 48260, 48311, 48317, 48327, 48325, 48355, 48267, 48321, 48363, 48265, 48306, 48214, 48326, 48332, 42253, 42201, 42225, 42208, 42255, 42245, 42240, 42244, 42250, 42222, 42243, 42220, 42206, 42242, 42209, 42214, 42254, 42202, 42204, 42000, 42205, 42207, 40319, 40000, 40318, 40328, 40320, 40327, 40325, 40324, 40329, 40311, 40306, 40321, 40315, 40305, 40322, 40317, 40314, 40326, 40313, 40312<\/p><p><strong>Opcije dostave:<\/strong><\/p><ul class=\"wp-block-list\"><li><strong>Naknada za dostavu:<\/strong> 5 \u20ac<\/li>\n\n<li><strong>Pla\u0107anje pouze\u0107em (COD):<\/strong> Dodatnih 2 \u20ac<\/li>\n\n<li><strong>Besplatna dostava:<\/strong> Za narud\u017ebe iznad 20 \u20ac.<\/li><\/ul><hr class=\"wp-block-separator has-alpha-channel-opacity\"\/><h4 class=\"wp-block-heading\"><strong>Zagreb i okolna podru\u010dja<\/strong><\/h4><p><strong>Po\u0161tanski brojevi:<\/strong> 10000, 10110, 10120, 10130, 10132, 10135, 10250, 10251, 10253, 10255, 10257, 10260, 10261, 10262, 10263, 10264, 10290, 10310, 10312, 10340, 10341, 10342, 10360, 10361, 10362, 10370, 10372, 10410, 10411, 10412, 10413, 10414, 10415, 10416, 10417, 10418, 10419, 10430, 10431, 10432, 10435, 10436, 10450, 10451, 10453, 10454, 10455, 10456<\/p><p><strong>Opcije dostave:<\/strong><\/p><ul class=\"wp-block-list\"><li><strong>Naknada za dostavu:<\/strong> 5 \u20ac<\/li>\n\n<li><strong>Pla\u0107anje pouze\u0107em (COD):<\/strong> Dodatnih 2 \u20ac<\/li>\n\n<li><strong>Besplatna dostava:<\/strong> Za narud\u017ebe iznad 30 \u20ac (primjenjuje se dodatna naknada za pla\u0107anje pouze\u0107em ako je odabrano).<\/li><\/ul><hr class=\"wp-block-separator has-alpha-channel-opacity\"\/><h4 class=\"wp-block-heading\"><strong>Ostatak Hrvatske<\/strong><\/h4><p><strong>Opcije dostave:<\/strong><\/p><ul class=\"wp-block-list\"><li><strong>Naknada za dostavu:<\/strong> 5 \u20ac<\/li>\n\n<li><strong>Pla\u0107anje pouze\u0107em (COD):<\/strong> Dodatnih 2 \u20ac<\/li>\n\n<li><strong>Besplatna dostava:<\/strong> Za narud\u017ebe iznad 50 \u20ac (primjenjuje se dodatna naknada za pla\u0107anje pouze\u0107em ako je odabrano).<\/li><\/ul><hr class=\"wp-block-separator has-alpha-channel-opacity\"\/><h3 class=\"wp-block-heading\"><strong>Dodatne informacije<\/strong><\/h3><p>Sve narud\u017ebe obra\u0111uju se brzo, a na\u0161 cilj je dostaviti ih u o\u010dekivanom roku.<br>Za sva pitanja ili posebne zahtjeve, slobodno nas kontaktirajte.<\/p><p><strong>Hvala \u0161to kupujete kod nas!<\/strong><\/p><p><\/p>","protected":false},"excerpt":{"rendered":"<p>Informacije o dostavi Nastojimo dostaviti va\u0161e narud\u017ebe brzo i pouzdano, nude\u0107i razli\u010dite opcije dostave prilago\u0111ene va\u0161oj lokaciji. U nastavku mo\u017eete prona\u0107i detaljne informacije o na\u0161im cijenama i uvjetima dostave: Ludbreg i okolna podru\u010dja Po\u0161tanski brojevi: 42223, 42233, 42231, 42230, 42203, 42232, 42223, 40323, 48312 Opcije dostave: Koprivnica, \u010cakovec, Vara\u017edin i okolna podru\u010dja Po\u0161tanski brojevi: 48322, [&hellip;]<\/p>\n","protected":false},"author":1,"featured_media":0,"parent":0,"menu_order":0,"comment_status":"closed","ping_status":"closed","template":"","meta":{"_acf_changed":false,"footnotes":""},"class_list":["post-2602","page","type-page","status-publish","hentry"],"acf":[],"yoast_head":"<!-- This site is optimized with the Yoast SEO plugin v23.8 - https:\/\/yoast.com\/wordpress\/plugins\/seo\/ -->\n<title>Tro\u0161kovi dostave - AsianMix<\/title>\n<meta name=\"robots\" content=\"index, follow, max-snippet:-1, max-image-preview:large, max-video-preview:-1\" \/>\n<link rel=\"canonical\" href=\"https:\/\/asianmix.hr\/hr\/troskovi-dostave\/\" \/>\n<meta property=\"og:locale\" content=\"hr_HR\" \/>\n<meta property=\"og:type\" content=\"article\" \/>\n<meta property=\"og:title\" content=\"Tro\u0161kovi dostave - AsianMix\" \/>\n<meta property=\"og:description\" content=\"Informacije o dostavi Nastojimo dostaviti va\u0161e narud\u017ebe brzo i pouzdano, nude\u0107i razli\u010dite opcije dostave prilago\u0111ene va\u0161oj lokaciji. U nastavku mo\u017eete prona\u0107i detaljne informacije o na\u0161im cijenama i uvjetima dostave: Ludbreg i okolna podru\u010dja Po\u0161tanski brojevi: 42223, 42233, 42231, 42230, 42203, 42232, 42223, 40323, 48312 Opcije dostave: Koprivnica, \u010cakovec, Vara\u017edin i okolna podru\u010dja Po\u0161tanski brojevi: 48322, [&hellip;]\" \/>\n<meta property=\"og:url\" content=\"https:\/\/asianmix.hr\/hr\/troskovi-dostave\/\" \/>\n<meta property=\"og:site_name\" content=\"AsianMix\" \/>\n<meta property=\"article:publisher\" content=\"https:\/\/www.facebook.com\/profile.php?id=100089625785378\" \/>\n<meta property=\"article:modified_time\" content=\"2024-11-16T08:30:22+00:00\" \/>\n<meta name=\"twitter:card\" content=\"summary_large_image\" \/>\n<meta name=\"twitter:label1\" content=\"Procijenjeno vrijeme \u010ditanja\" \/>\n\t<meta name=\"twitter:data1\" content=\"2 minute\" \/>\n<script type=\"application\/ld+json\" class=\"yoast-schema-graph\">{\"@context\":\"https:\/\/schema.org\",\"@graph\":[{\"@type\":\"WebPage\",\"@id\":\"https:\/\/asianmix.hr\/hr\/troskovi-dostave\/\",\"url\":\"https:\/\/asianmix.hr\/hr\/troskovi-dostave\/\",\"name\":\"Tro\u0161kovi dostave - AsianMix\",\"isPartOf\":{\"@id\":\"https:\/\/asianmix.hr\/#website\"},\"datePublished\":\"2024-11-16T08:25:42+00:00\",\"dateModified\":\"2024-11-16T08:30:22+00:00\",\"breadcrumb\":{\"@id\":\"https:\/\/asianmix.hr\/hr\/troskovi-dostave\/#breadcrumb\"},\"inLanguage\":\"hr\",\"potentialAction\":[{\"@type\":\"ReadAction\",\"target\":[\"https:\/\/asianmix.hr\/hr\/troskovi-dostave\/\"]}]},{\"@type\":\"BreadcrumbList\",\"@id\":\"https:\/\/asianmix.hr\/hr\/troskovi-dostave\/#breadcrumb\",\"itemListElement\":[{\"@type\":\"ListItem\",\"position\":1,\"name\":\"Home\",\"item\":\"https:\/\/asianmix.hr\/hr\/\"},{\"@type\":\"ListItem\",\"position\":2,\"name\":\"Tro\u0161kovi dostave\"}]},{\"@type\":\"WebSite\",\"@id\":\"https:\/\/asianmix.hr\/#website\",\"url\":\"https:\/\/asianmix.hr\/\",\"name\":\"AsianMix\",\"description\":\"Your premier destination for Asian goods.\",\"publisher\":{\"@id\":\"https:\/\/asianmix.hr\/#organization\"},\"potentialAction\":[{\"@type\":\"SearchAction\",\"target\":{\"@type\":\"EntryPoint\",\"urlTemplate\":\"https:\/\/asianmix.hr\/?s={search_term_string}\"},\"query-input\":{\"@type\":\"PropertyValueSpecification\",\"valueRequired\":true,\"valueName\":\"search_term_string\"}}],\"inLanguage\":\"hr\"},{\"@type\":\"Organization\",\"@id\":\"https:\/\/asianmix.hr\/#organization\",\"name\":\"AsianMix\",\"url\":\"https:\/\/asianmix.hr\/\",\"logo\":{\"@type\":\"ImageObject\",\"inLanguage\":\"hr\",\"@id\":\"https:\/\/asianmix.hr\/#\/schema\/logo\/image\/\",\"url\":\"https:\/\/asianmix.hr\/wp-content\/uploads\/2024\/10\/asianmix-logo.png\",\"contentUrl\":\"https:\/\/asianmix.hr\/wp-content\/uploads\/2024\/10\/asianmix-logo.png\",\"width\":375,\"height\":368,\"caption\":\"AsianMix\"},\"image\":{\"@id\":\"https:\/\/asianmix.hr\/#\/schema\/logo\/image\/\"},\"sameAs\":[\"https:\/\/www.facebook.com\/profile.php?id=100089625785378\"]}]}<\/script>\n<!-- \/ Yoast SEO plugin. -->","yoast_head_json":{"title":"Tro\u0161kovi dostave - AsianMix","robots":{"index":"index","follow":"follow","max-snippet":"max-snippet:-1","max-image-preview":"max-image-preview:large","max-video-preview":"max-video-preview:-1"},"canonical":"https:\/\/asianmix.hr\/hr\/troskovi-dostave\/","og_locale":"hr_HR","og_type":"article","og_title":"Tro\u0161kovi dostave - AsianMix","og_description":"Informacije o dostavi Nastojimo dostaviti va\u0161e narud\u017ebe brzo i pouzdano, nude\u0107i razli\u010dite opcije dostave prilago\u0111ene va\u0161oj lokaciji. U nastavku mo\u017eete prona\u0107i detaljne informacije o na\u0161im cijenama i uvjetima dostave: Ludbreg i okolna podru\u010dja Po\u0161tanski brojevi: 42223, 42233, 42231, 42230, 42203, 42232, 42223, 40323, 48312 Opcije dostave: Koprivnica, \u010cakovec, Vara\u017edin i okolna podru\u010dja Po\u0161tanski brojevi: 48322, [&hellip;]","og_url":"https:\/\/asianmix.hr\/hr\/troskovi-dostave\/","og_site_name":"AsianMix","article_publisher":"https:\/\/www.facebook.com\/profile.php?id=100089625785378","article_modified_time":"2024-11-16T08:30:22+00:00","twitter_card":"summary_large_image","twitter_misc":{"Procijenjeno vrijeme \u010ditanja":"2 minute"},"schema":{"@context":"https:\/\/schema.org","@graph":[{"@type":"WebPage","@id":"https:\/\/asianmix.hr\/hr\/troskovi-dostave\/","url":"https:\/\/asianmix.hr\/hr\/troskovi-dostave\/","name":"Tro\u0161kovi dostave - AsianMix","isPartOf":{"@id":"https:\/\/asianmix.hr\/#website"},"datePublished":"2024-11-16T08:25:42+00:00","dateModified":"2024-11-16T08:30:22+00:00","breadcrumb":{"@id":"https:\/\/asianmix.hr\/hr\/troskovi-dostave\/#breadcrumb"},"inLanguage":"hr","potentialAction":[{"@type":"ReadAction","target":["https:\/\/asianmix.hr\/hr\/troskovi-dostave\/"]}]},{"@type":"BreadcrumbList","@id":"https:\/\/asianmix.hr\/hr\/troskovi-dostave\/#breadcrumb","itemListElement":[{"@type":"ListItem","position":1,"name":"Home","item":"https:\/\/asianmix.hr\/hr\/"},{"@type":"ListItem","position":2,"name":"Tro\u0161kovi dostave"}]},{"@type":"WebSite","@id":"https:\/\/asianmix.hr\/#website","url":"https:\/\/asianmix.hr\/","name":"AsianMix","description":"Your premier destination for Asian goods.","publisher":{"@id":"https:\/\/asianmix.hr\/#organization"},"potentialAction":[{"@type":"SearchAction","target":{"@type":"EntryPoint","urlTemplate":"https:\/\/asianmix.hr\/?s={search_term_string}"},"query-input":{"@type":"PropertyValueSpecification","valueRequired":true,"valueName":"search_term_string"}}],"inLanguage":"hr"},{"@type":"Organization","@id":"https:\/\/asianmix.hr\/#organization","name":"AsianMix","url":"https:\/\/asianmix.hr\/","logo":{"@type":"ImageObject","inLanguage":"hr","@id":"https:\/\/asianmix.hr\/#\/schema\/logo\/image\/","url":"https:\/\/asianmix.hr\/wp-content\/uploads\/2024\/10\/asianmix-logo.png","contentUrl":"https:\/\/asianmix.hr\/wp-content\/uploads\/2024\/10\/asianmix-logo.png","width":375,"height":368,"caption":"AsianMix"},"image":{"@id":"https:\/\/asianmix.hr\/#\/schema\/logo\/image\/"},"sameAs":["https:\/\/www.facebook.com\/profile.php?id=100089625785378"]}]}},"_links":{"self":[{"href":"https:\/\/asianmix.hr\/hr\/wp-json\/wp\/v2\/pages\/2602","targetHints":{"allow":["GET"]}}],"collection":[{"href":"https:\/\/asianmix.hr\/hr\/wp-json\/wp\/v2\/pages"}],"about":[{"href":"https:\/\/asianmix.hr\/hr\/wp-json\/wp\/v2\/types\/page"}],"author":[{"embeddable":true,"href":"https:\/\/asianmix.hr\/hr\/wp-json\/wp\/v2\/users\/1"}],"replies":[{"embeddable":true,"href":"https:\/\/asianmix.hr\/hr\/wp-json\/wp\/v2\/comments?post=2602"}],"version-history":[{"count":2,"href":"https:\/\/asianmix.hr\/hr\/wp-json\/wp\/v2\/pages\/2602\/revisions"}],"predecessor-version":[{"id":2605,"href":"https:\/\/asianmix.hr\/hr\/wp-json\/wp\/v2\/pages\/2602\/revisions\/2605"}],"wp:attachment":[{"href":"https:\/\/asianmix.hr\/hr\/wp-json\/wp\/v2\/media?parent=2602"}],"curies":[{"name":"wp","href":"https:\/\/api.w.org\/{rel}","templated":true}]}}