{"id":2312,"date":"2024-10-22T09:01:10","date_gmt":"2024-10-22T09:01:10","guid":{"rendered":"https:\/\/asianmix.hr\/?page_id=2312"},"modified":"2024-11-16T08:31:38","modified_gmt":"2024-11-16T08:31:38","slug":"uvjeti-prodaje","status":"publish","type":"page","link":"https:\/\/asianmix.hr\/hr\/uvjeti-prodaje\/","title":{"rendered":"Uvjeti prodaje"},"content":{"rendered":"<div style=\"height:100px\" aria-hidden=\"true\" class=\"wp-block-spacer\"><\/div><h2 class=\"wp-block-heading\"><strong>Uvjeti prodaje<\/strong><\/h2><p><strong>Uvod<\/strong><\/p><p>Web stranica Asianmix.eu mo\u017ee se koristiti za va\u0161e privatne, nekomercijalne svrhe, uz pridr\u017eavanje sljede\u0107ih uvjeta kori\u0161tenja. Kori\u0161tenjem web stranice AsianMix pristajete na po\u0161tivanje dolje navedenih uvjeta. Dobavlja\u010d naru\u010denih proizvoda je AsianMix d.o.o. sa sjedi\u0161tem u Ludbregu, Hrvatska. AsianMix d.o.o. nudi kupnju \u0161irokog asortimana proizvoda navedenih na web stranici. Ponuda uklju\u010duje razne dizajnerske i usluge modeliranja te proizvode. \u201eKupac\u201d je svaka osoba koja elektroni\u010dkim putem naru\u010di barem jedan proizvod, popuni tra\u017eene podatke i uspje\u0161no ih po\u0161alje putem registracije.<\/p><p><strong>Registracija<\/strong><\/p><p>Registracijom se omogu\u0107uje spremanje podataka koji \u0107e se koristiti za kontakt, dostavu ili ogla\u0161avanje na\u0161ih proizvoda, novih dolazaka i posebnih popusta. Tako\u0111er, registracija olak\u0161ava i ubrzava budu\u0107e narud\u017ebe. Sve su cijene izra\u017eene u eurima (\u20ac). Kupcima se savjetuje da pregledaju ove uvjete prije svake kupnje i redovito ih provjeravaju kako bi bili informirani o svojim pravima i obvezama. AsianMix d.o.o. zadr\u017eava pravo izmjene ovih Uvjeta u bilo kojem trenutku bez prethodne najave i ne\u0107e biti odgovoran za posljedice nastale zbog takvih promjena. Ove izmjene stupaju na snagu objavom na web stranici.<\/p><p><strong>Izmjene usluge<\/strong><\/p><p>AsianMix d.o.o. zadr\u017eava pravo ukidanja usluga, promjene sadr\u017eaja ili izmjene drugih dijelova web stranice u bilo kojem trenutku bez najave. Tvrtka ne\u0107e biti odgovorna za posljedice nastale zbog tih promjena. Sve promjene stupaju na snagu objavom. Tvrtka zadr\u017eava pravo ograni\u010diti ili ukinuti pristup odre\u0111enim uslugama korisnicima koji kr\u0161e ove Uvjete.<\/p><p><strong>Uvjeti prodaje<\/strong><\/p><p>I) <strong>Sklapanje i raskid ugovora<\/strong><\/p><p>Ovi Uvjeti i posebni uvjeti prodaje navedeni za odre\u0111ene proizvode predstavljaju ponudu AsianMix d.o.o. za sklapanje ugovora. Registracijom, dovr\u0161avanjem narud\u017ebe ili bilo kojim drugim na\u010dinom prihva\u0107anja ugovora, korisnik prihva\u0107a ove uvjete, \u010dime se sklapa ugovor s AsianMix d.o.o. Komercijalna svrha ugovora je kupnja odabranih proizvoda ili usluga putem web stranice uz odgovaraju\u0107u uplatu. Ugovor se sklapa na daljinu i mo\u017ee se sklopiti putem tiskanih oglasa s narud\u017ebenicom, telefonom ili putem interneta.<\/p><p>II) <strong>Uvjeti i postupak kupnje<\/strong><\/p><p>Klju\u010dne zna\u010dajke proizvoda, upute za uporabu, cijene, posebne ponude, na\u010dini pla\u0107anja i uvjeti dostave koji su va\u017ee\u0107i u trenutku dovr\u0161etka narud\u017ebe prikazani su uz svaki proizvod. Sve cijene uklju\u010duju PDV i iste \u0107e biti navedene na ra\u010dunu. Ako kupac ne dobije potvrdni e-mail, mo\u017eda je unio krivu adresu e-po\u0161te te bi trebao kontaktirati <a href=\"mailto:asianmixstore@yahoo.com\">asianmixstore@yahoo.com<\/a> ili nazvati slu\u017ebu za korisnike.<\/p><p>III) <strong>Uvjeti dostave i isporuke<\/strong><\/p><p>a) Tro\u0161kovi dostave automatski se izra\u010dunavaju tijekom procesa kupnje.<br>b) <strong>Tro\u0161kovi dostave<\/strong>: Tro\u0161ak dostave iznosi 5 EUR, a dostava je besplatna za narud\u017ebe iznad 30 EUR. Za odre\u0111ene otoke primjenjuje se fiksna cijena dostave od 10 EUR.<br>c) Vrijeme isporuke za proizvode na zalihi unutar Hrvatske je 10-15 radnih dana.<\/p><p>Za dodatna pitanja mo\u017eete se obratiti AsianMix d.o.o. putem e-po\u0161te na <a href=\"mailto:asianmixstore@yahoo.com\">asianmixstore@yahoo.com<\/a> ili posjetiti na\u0161u web stranicu za vi\u0161e informacija.<\/p><p>IV) <strong>Prigovori i reklamacije<\/strong><\/p><p>Naru\u010deni proizvodi pakirani su tako da se sprije\u010di o\u0161te\u0107enje tijekom uobi\u010dajenog rukovanja u transportu\/dostavi. Kupac je du\u017ean pregledati po\u0161iljku prilikom preuzimanja. U slu\u010daju odbijanja preuzimanja, dostavna slu\u017eba \u0107e ispuniti Zapisnik o o\u0161te\u0107enju i vratiti po\u0161iljku AsianMix d.o.o. s napomenom da po\u0161iljka ima nedostatak. Reklamacije zbog nedostataka proizvoda i svi ostali prigovori mogu se podnijeti pismenim putem elektroni\u010dkom ili obi\u010dnom po\u0161tom na: e-mail: <a href=\"mailto:asianmixstore@yahoo.com\">asianmixstore@yahoo.com<\/a>, adresa: AsianMix d.o.o., Ulica Petra Kre\u0161imira 17\/A, 42230 Ludbreg. U slu\u010daju opravdane reklamacije, dopu\u0161ta se raskid ugovora uz povrat upla\u0107enog iznosa ili zamjena za isti ili drugi proizvod iste vrijednosti, odnosno uz nadoplatu ili djelomi\u010dni povrat, ako je potrebno. Ako se radi o o\u0161te\u0107enju i\/ili neispravnosti isporu\u010denih proizvoda, kupac mora poslati fotografiju reklamacije na <a href=\"mailto:asianmixstore@yahoo.com\">asianmixstore@yahoo.com<\/a> kako bi bila razmatrana na temelju naknadnih fizi\u010dkih dokaza. AsianMix d.o.o. \u0107e o svom tro\u0161ku preuzeti reklamirane o\u0161te\u0107ene, neispravne ili pogre\u0161no isporu\u010dene proizvode ako se utvrdi da je reklamacija opravdana i da kupac nije utjecao na nedostatak, o\u0161te\u0107enje ili bilo kakvu manu proizvoda. U slu\u010daju opravdane reklamacije u rokovima odre\u0111enim Zakonom o obveznim odnosima, AsianMix d.o.o. snosit \u0107e sve tro\u0161kove zamjene proizvoda novim. U slu\u010daju spora oko opravdanosti reklamacije i\/ili autenti\u010dnosti proizvoda, te ako kupac smatra, na temelju subjektivne procjene, da nije dobio odgovaraju\u0107i proizvod i\/ili uslugu, uobi\u010dajeno je da se slu\u010daj prijavi jednoj od nadle\u017enih institucija. Nadle\u017ena i slu\u017ebena tijela zatim \u0107e provesti sve potrebne provjere kako bi se utvrdila uskla\u0111enost sa va\u017ee\u0107im zakonima. Po izdavanju odluke, obje strane, kupac i prodavatelj, dobit \u0107e odre\u0111eni zapisnik. Takav slu\u017ebeni zapisnik neovisnog tijela smatra se obvezuju\u0107im i dovoljnim za zaklju\u010divanje postupka reklamacije.<\/p><p>V) <strong>Na\u010dini pla\u0107anja i postupak<\/strong><\/p><p>Cijena proizvoda i tro\u0161kovi dostave mogu se platiti na jedan od sljede\u0107ih na\u010dina:<br>a) Internet bankarstvom. Proizvodi za koje je potvr\u0111ena narud\u017eba mogu se platiti putem internet bankarstva bilo koje banke. Nakon uspje\u0161ne narud\u017ebe, AsianMix d.o.o. poslat \u0107e sve potrebne podatke za uplatu putem e-po\u0161te.<br>b) Op\u0107om uplatnicom. Proizvodi za koje je potvr\u0111ena narud\u017eba mogu se platiti op\u0107om uplatnicom u svim bankama, FINA-i ili po\u0161tanskim uredima. Nakon uspje\u0161ne narud\u017ebe, AsianMix d.o.o. poslat \u0107e sve potrebne podatke za uplatu putem e-po\u0161te.<br>c) Pla\u0107anje pouze\u0107em. Narud\u017eba se mo\u017ee platiti gotovinom prilikom preuzimanja proizvoda. Platitelj je isklju\u010divo odgovoran za sve dodatne naknade povezane s ovim na\u010dinom pla\u0107anja, a te naknade ne nadokna\u0111uje AsianMix d.o.o.<\/p><p><strong>Sigurno pla\u0107anje kreditnim karticama!<\/strong><\/p><p>WSPay je siguran sustav za online pla\u0107anje u stvarnom vremenu kreditnim i debitnim karticama te drugim na\u010dinima pla\u0107anja. WSPay osigurava siguran unos i prijenos unesenih podataka o karticama za kupce i trgovce, \u0161to potvr\u0111uje i PCI DSS certifikat koji posjeduje WSPay. WSPay koristi 256-bitni SSL certifikat za enkripciju i TLS 1.2 kriptografski protokol kao najvi\u0161u razinu za\u0161tite prilikom unosa i prijenosa podataka. Razmjena osjetljivih podataka izme\u0111u sustava za online pla\u0107anje i centara za autorizaciju kartica provodi se putem mre\u017ee koja je potpuno za\u0161ti\u0107ena od neovla\u0161tenog pristupa. Osjetljivi podaci va\u0161e kreditne kartice \u0161alju se online izravno u centar za autorizaciju. Asianmix.eu ne pohranjuje podatke va\u0161e kreditne kartice. Pla\u0107anje stranim kreditnim karticama nije mogu\u0107e.<\/p><p><strong>V) Na\u010dini i postupci pla\u0107anja<\/strong><\/p><p>Cijena proizvoda i tro\u0161kovi dostave mogu se platiti na jedan od sljede\u0107ih na\u010dina:<br>a) <strong>Internet bankarstvo<\/strong>. Proizvodi za koje je narud\u017eba potvr\u0111ena mogu se platiti putem internet bankarstva bilo koje banke. Nakon uspje\u0161ne narud\u017ebe, AsianMix d.o.o. \u0107e poslati sve potrebne podatke za pla\u0107anje putem e-po\u0161te.<br>b) <strong>Op\u0107a uplatnica<\/strong>. Proizvodi za koje je narud\u017eba potvr\u0111ena mogu se platiti putem op\u0107e uplatnice u svim bankama, poslovnicama FINA-e ili Hrvatskom po\u0161tom. Nakon uspje\u0161ne narud\u017ebe, AsianMix d.o.o. \u0107e poslati sve potrebne podatke za pla\u0107anje putem e-po\u0161te.<br>c) <strong>Pla\u0107anje kreditnom ili debitnom karticom<\/strong>. Narud\u017ebe se mogu platiti online koriste\u0107i jednu od sljede\u0107ih kreditnih kartica: American Express, MasterCard, Diners, Visa ili Maestro, i to jednokratno. Svaki od ovih na\u010dina pla\u0107anja mo\u017ee uklju\u010divati naknade odre\u0111ene od strane pru\u017eatelja usluga pla\u0107anja. Porezni obveznik snosi tro\u0161ak te naknade, koja nije povratna od strane AsianMix d.o.o.<\/p><p><strong>Izjava o sigurnosti online pla\u0107anja<\/strong><\/p><p>Pri pla\u0107anju na na\u0161oj web trgovini koristite CorvusPay \u2013 napredni sustav za siguran prihvat platnih kartica putem interneta.CorvusPay sustav osigurava potpunu tajnost Va\u0161ih karti\u010dnih i osobnih podataka ve\u0107 od trenutka kada ih upi\u0161ete u CorvusPay platni formular. Platni podaci proslje\u0111uju se \u0161ifrirano od Va\u0161eg web preglednika do banke koja je izdala Va\u0161u karticu. Na\u0161a trgovina nikada ne dolazi u kontakt s cjelovitim podacima o Va\u0161oj platnoj kartici. Tako\u0111er, podaci su nedostupni \u010dak i djelatnicima CorvusPay sustava. Izolirana jezgra samostalno prenosi i upravlja osjetljivim podacima, \u010duvaju\u0107i ih pri tom potpuno sigurnima. Formular za upis platnih podataka osiguran je SSL transportnom \u0161ifrom najve\u0107e pouzdanosti. Svi skladi\u0161teni podaci dodatno su za\u0161ti\u0107eni \u0161ifriranjem, kori\u0161tenjem kriptografskog ure\u0111aja certificiranog prema FIPS 140-2 Level 3 standardu. CorvusPay zadovoljava sve zahtjeve vezane uz sigurnost <em>on-line <\/em>pla\u0107anja propisane od strane vode\u0107ih karti\u010dnih brandova, odnosno posluje sukladno normi \u2013 PCI DSS Level 1 \u2013 najvi\u0161i sigurnosni standard industrije platnih kartica. Pri pla\u0107anju karticama uvr\u0161tenim u 3-D Secure program Va\u0161a banka uz valjanost same kartice dodatno potvr\u0111uje i Va\u0161 identitet pomo\u0107u tokena ili lozinke.<\/p><p>Corvus Pay sve prikupljene informacije smatra tajnom i tretira ih u skladu s tim. Informacije se koriste isklju\u010divo u svrhe za koje su namijenjene. Va\u0161i osjetljivi podaci u potpunosti su sigurni, a njihova privatnost zajam\u010dena je najmodernijim za\u0161titnim mehanizmima. Prikupljaju se samo podaci nu\u017eni za obavljanje posla sukladno propisanim zahtjevnim procedurama za <em>on-line <\/em>pla\u0107anje. Sigurnosne kontrole i operativne procedure primijenjene na na\u0161u infrastrukturu osiguravaju trenutnu pouzdanost CorvusPay sustava. Uz to odr\u017eavanjem stroge kontrole pristupa, redovitim pra\u0107enjem sigurnosti i dubinskim provjerama za sprje\u010davanje ranjivosti mre\u017ee te planskim provo\u0111enjem odredbi o informacijskoj sigurnosti trajno odr\u017eavaju i unaprje\u0111uju stupanj sigurnosti sustava za\u0161titom Va\u0161ih karti\u010dnih podataka.<\/p><p>Hvala \u0161to koristite CorvusPay!<\/p><p><strong>ZA\u0160TITA PODATAKA TIJEKOM KUPOVINE<\/strong><\/p><p>AsianMix d.o.o. obvezuje se po\u0161tovati anonimnost i privatnost korisnika internetske trgovine Asianmix.eu te \u0107e podatke koristiti i obra\u0111ivati isklju\u010divo u svrhu i namjenu definiranu ovim Uvjetima. AsianMix d.o.o. mo\u017ee prikupljati osobne podatke korisnika, kao \u0161to su ime, adresa, OIB, broj telefona ili e-mail adresa, samo ako ih korisnik dobrovoljno dostavi Asianmix.eu. AsianMix d.o.o. \u0107e dostavljene podatke koristiti isklju\u010divo u svrhu ispunjavanja ugovornih obveza i boljeg razumijevanja potreba, navika i zahtjeva korisnika te daljnjeg razvoja i unaprje\u0111enja kvalitete svih usluga koje pru\u017ea Asianmix.eu. Asianmix.eu prikuplja, obra\u0111uje i objavljuje podatke o korisnicima vezane uz njihovo kori\u0161tenje Asianmix.eu bez otkrivanja identiteta korisnika i\/ili osobnih podataka koji bi omogu\u0107ili identifikaciju korisnika. AsianMix d.o.o. prikuplja i bilje\u017ei podatke o IP adresi korisnika (Internet Protocol Adresa) ili lokaciji ra\u010dunala u svrhu administracije sustava, otklanjanja pote\u0161ko\u0107a, potvrde dostave sadr\u017eaja ili unaprje\u0111enja tehni\u010dkih aspekata internetske usluge. AsianMix d.o.o. automatski bilje\u017ei podatke o navikama kori\u0161tenja Asianmix.eu, uklju\u010duju\u0107i log datoteku posjeta odre\u0111enim stranicama i\/ili sadr\u017eaju. AsianMix d.o.o. koristi takve podatke isklju\u010divo radi pobolj\u0161anja svoje usluge i prilagodbe te individualizacije promotivnih aktivnosti prema potrebama pojedinih korisnika. AsianMix d.o.o. ne bilje\u017ei broj va\u0161e kreditne kartice niti pohranjuje transakcijske podatke. Asianmix.eu koristi usluge tre\u0107ih strana, ovla\u0161tenih banaka, za obradu pla\u0107anja kreditnim karticama, koje \u0161tite va\u0161e podatke enkripcijom.<\/p><p><strong>KOMUNIKACIJA IZME\u0110U ASIANMIX d.o.o. I KORISNIKA<\/strong><\/p><p>Registracijom i kupovinom dajete suglasnost da vas AsianMix d.o.o. putem elektroni\u010dke po\u0161te obavje\u0161tava o promotivnim uslugama i proizvodima, izmjenama ili dopunama sadr\u017eaja na web stranici, popustima, akcijama ili promjenama u pru\u017eanju usluga. Korisnici ovu suglasnost mogu povu\u0107i u bilo kojem trenutku.<\/p><hr class=\"wp-block-separator has-alpha-channel-opacity\"\/><p><strong>VI) Vanjske usluge<\/strong><\/p><p>Usluge koje pru\u017ea internetska trgovina Asianmix.eu ne uklju\u010duju tro\u0161kove koji nastaju kori\u0161tenjem ra\u010dunalne opreme i usluga za pristup na\u0161oj web stranici. AsianMix d.o.o. nije odgovoran za telefonske tro\u0161kove ili bilo koje druge tro\u0161kove koji mogu nastati. Dostupnost internetske trgovine Asianmix.eu \u2013 online shop je 00-24h tijekom cijele godine. Iako se AsianMix d.o.o. trudi pru\u017eiti \u0161to bolju uslugu, ne mo\u017ee jam\u010diti da \u0107e usluge na Asianmix.eu ispuniti va\u0161e potrebe. AsianMix d.o.o. tako\u0111er ne mo\u017ee jam\u010diti da \u0107e usluga biti bez gre\u0161aka. Slike su informativnog karaktera i mogu se razlikovati od stvarnog stanja ako proizvo\u0111a\u010d iz bilo kojeg razloga promijeni izgled, dizajn i\/ili pakiranje.<\/p><p><strong>VII) Intelektualno vlasni\u0161tvo<\/strong><\/p><p>Sadr\u017eaj internetske trgovine Asianmix.eu za\u0161ti\u0107en je, a AsianMix d.o.o. posjeduje ekskluzivna prava na njegovo kori\u0161tenje. Za svaku komercijalnu upotrebu sadr\u017eaja sa stranica Asianmix.eu morate kontaktirati AsianMix d.o.o. na <a href=\"mailto:asianmixstore@yahoo.com\">asianmixstore@yahoo.com<\/a>.<\/p><p><strong>VIII) Pretplata na newsletter<\/strong><\/p><p>Prijavom na newsletter Asianmix.eu, korisnici pristaju primati promotivne materijale, novosti i obavijesti o proizvodima i uslugama koje nudi AsianMix d.o.o. Pretplata se aktivira uno\u0161enjem e-mail adrese korisnika u predvi\u0111eno polje na web stranici. Korisnici se mogu odjaviti s newslettera u bilo kojem trenutku klikom na &#8220;odjava&#8221; u svakom e-mailu newslettera ili izravnim kontaktiranjem AsianMix d.o.o. putem e-maila na <a href=\"mailto:asianmixstore@yahoo.com\">asianmixstore@yahoo.com<\/a>. AsianMix d.o.o. se obvezuje na za\u0161titu privatnosti korisnika te osigurava da njihovi osobni podaci ne\u0107e biti podijeljeni s tre\u0107im stranama bez njihove suglasnosti, osim ako to zahtijeva zakon.<\/p><p><strong>Podaci o poduze\u0107u<\/strong><\/p><p>AsianMix d.o.o.<br>OIB: 65523750138<br>Ulica Petra Kre\u0161imira 17\/A, 42230 Ludbreg<br>Temeljni kapital: \u20ac2.500<br>Direktor: Vilim Komes<\/p><p><\/p>","protected":false},"excerpt":{"rendered":"<p>Uvjeti prodaje Uvod Web stranica Asianmix.eu mo\u017ee se koristiti za va\u0161e privatne, nekomercijalne svrhe, uz pridr\u017eavanje sljede\u0107ih uvjeta kori\u0161tenja. Kori\u0161tenjem web stranice AsianMix pristajete na po\u0161tivanje dolje navedenih uvjeta. Dobavlja\u010d naru\u010denih proizvoda je AsianMix d.o.o. sa sjedi\u0161tem u Ludbregu, Hrvatska. AsianMix d.o.o. nudi kupnju \u0161irokog asortimana proizvoda navedenih na web stranici. Ponuda uklju\u010duje razne dizajnerske [&hellip;]<\/p>\n","protected":false},"author":1,"featured_media":0,"parent":0,"menu_order":0,"comment_status":"closed","ping_status":"closed","template":"","meta":{"_acf_changed":false,"footnotes":""},"class_list":["post-2312","page","type-page","status-publish","hentry"],"acf":[],"yoast_head":"<!-- This site is optimized with the Yoast SEO plugin v23.8 - https:\/\/yoast.com\/wordpress\/plugins\/seo\/ -->\n<title>Uvjeti prodaje - AsianMix<\/title>\n<meta name=\"robots\" content=\"index, follow, max-snippet:-1, max-image-preview:large, max-video-preview:-1\" \/>\n<link rel=\"canonical\" href=\"https:\/\/asianmix.hr\/hr\/uvjeti-prodaje\/\" \/>\n<meta property=\"og:locale\" content=\"hr_HR\" \/>\n<meta property=\"og:type\" content=\"article\" \/>\n<meta property=\"og:title\" content=\"Uvjeti prodaje - AsianMix\" \/>\n<meta property=\"og:description\" content=\"Uvjeti prodaje Uvod Web stranica Asianmix.eu mo\u017ee se koristiti za va\u0161e privatne, nekomercijalne svrhe, uz pridr\u017eavanje sljede\u0107ih uvjeta kori\u0161tenja. Kori\u0161tenjem web stranice AsianMix pristajete na po\u0161tivanje dolje navedenih uvjeta. Dobavlja\u010d naru\u010denih proizvoda je AsianMix d.o.o. sa sjedi\u0161tem u Ludbregu, Hrvatska. AsianMix d.o.o. nudi kupnju \u0161irokog asortimana proizvoda navedenih na web stranici. Ponuda uklju\u010duje razne dizajnerske [&hellip;]\" \/>\n<meta property=\"og:url\" content=\"https:\/\/asianmix.hr\/hr\/uvjeti-prodaje\/\" \/>\n<meta property=\"og:site_name\" content=\"AsianMix\" \/>\n<meta property=\"article:publisher\" content=\"https:\/\/www.facebook.com\/profile.php?id=100089625785378\" \/>\n<meta property=\"article:modified_time\" content=\"2024-11-16T08:31:38+00:00\" \/>\n<meta name=\"twitter:card\" content=\"summary_large_image\" \/>\n<meta name=\"twitter:label1\" content=\"Procijenjeno vrijeme \u010ditanja\" \/>\n\t<meta name=\"twitter:data1\" content=\"9 minuta\" \/>\n<script type=\"application\/ld+json\" class=\"yoast-schema-graph\">{\"@context\":\"https:\/\/schema.org\",\"@graph\":[{\"@type\":\"WebPage\",\"@id\":\"https:\/\/asianmix.hr\/hr\/uvjeti-prodaje\/\",\"url\":\"https:\/\/asianmix.hr\/hr\/uvjeti-prodaje\/\",\"name\":\"Uvjeti prodaje - AsianMix\",\"isPartOf\":{\"@id\":\"https:\/\/asianmix.hr\/#website\"},\"datePublished\":\"2024-10-22T09:01:10+00:00\",\"dateModified\":\"2024-11-16T08:31:38+00:00\",\"breadcrumb\":{\"@id\":\"https:\/\/asianmix.hr\/hr\/uvjeti-prodaje\/#breadcrumb\"},\"inLanguage\":\"hr\",\"potentialAction\":[{\"@type\":\"ReadAction\",\"target\":[\"https:\/\/asianmix.hr\/hr\/uvjeti-prodaje\/\"]}]},{\"@type\":\"BreadcrumbList\",\"@id\":\"https:\/\/asianmix.hr\/hr\/uvjeti-prodaje\/#breadcrumb\",\"itemListElement\":[{\"@type\":\"ListItem\",\"position\":1,\"name\":\"Home\",\"item\":\"https:\/\/asianmix.hr\/hr\/\"},{\"@type\":\"ListItem\",\"position\":2,\"name\":\"Uvjeti prodaje\"}]},{\"@type\":\"WebSite\",\"@id\":\"https:\/\/asianmix.hr\/#website\",\"url\":\"https:\/\/asianmix.hr\/\",\"name\":\"AsianMix\",\"description\":\"Your premier destination for Asian goods.\",\"publisher\":{\"@id\":\"https:\/\/asianmix.hr\/#organization\"},\"potentialAction\":[{\"@type\":\"SearchAction\",\"target\":{\"@type\":\"EntryPoint\",\"urlTemplate\":\"https:\/\/asianmix.hr\/?s={search_term_string}\"},\"query-input\":{\"@type\":\"PropertyValueSpecification\",\"valueRequired\":true,\"valueName\":\"search_term_string\"}}],\"inLanguage\":\"hr\"},{\"@type\":\"Organization\",\"@id\":\"https:\/\/asianmix.hr\/#organization\",\"name\":\"AsianMix\",\"url\":\"https:\/\/asianmix.hr\/\",\"logo\":{\"@type\":\"ImageObject\",\"inLanguage\":\"hr\",\"@id\":\"https:\/\/asianmix.hr\/#\/schema\/logo\/image\/\",\"url\":\"https:\/\/asianmix.hr\/wp-content\/uploads\/2024\/10\/asianmix-logo.png\",\"contentUrl\":\"https:\/\/asianmix.hr\/wp-content\/uploads\/2024\/10\/asianmix-logo.png\",\"width\":375,\"height\":368,\"caption\":\"AsianMix\"},\"image\":{\"@id\":\"https:\/\/asianmix.hr\/#\/schema\/logo\/image\/\"},\"sameAs\":[\"https:\/\/www.facebook.com\/profile.php?id=100089625785378\"]}]}<\/script>\n<!-- \/ Yoast SEO plugin. -->","yoast_head_json":{"title":"Uvjeti prodaje - AsianMix","robots":{"index":"index","follow":"follow","max-snippet":"max-snippet:-1","max-image-preview":"max-image-preview:large","max-video-preview":"max-video-preview:-1"},"canonical":"https:\/\/asianmix.hr\/hr\/uvjeti-prodaje\/","og_locale":"hr_HR","og_type":"article","og_title":"Uvjeti prodaje - AsianMix","og_description":"Uvjeti prodaje Uvod Web stranica Asianmix.eu mo\u017ee se koristiti za va\u0161e privatne, nekomercijalne svrhe, uz pridr\u017eavanje sljede\u0107ih uvjeta kori\u0161tenja. Kori\u0161tenjem web stranice AsianMix pristajete na po\u0161tivanje dolje navedenih uvjeta. Dobavlja\u010d naru\u010denih proizvoda je AsianMix d.o.o. sa sjedi\u0161tem u Ludbregu, Hrvatska. AsianMix d.o.o. nudi kupnju \u0161irokog asortimana proizvoda navedenih na web stranici. Ponuda uklju\u010duje razne dizajnerske [&hellip;]","og_url":"https:\/\/asianmix.hr\/hr\/uvjeti-prodaje\/","og_site_name":"AsianMix","article_publisher":"https:\/\/www.facebook.com\/profile.php?id=100089625785378","article_modified_time":"2024-11-16T08:31:38+00:00","twitter_card":"summary_large_image","twitter_misc":{"Procijenjeno vrijeme \u010ditanja":"9 minuta"},"schema":{"@context":"https:\/\/schema.org","@graph":[{"@type":"WebPage","@id":"https:\/\/asianmix.hr\/hr\/uvjeti-prodaje\/","url":"https:\/\/asianmix.hr\/hr\/uvjeti-prodaje\/","name":"Uvjeti prodaje - AsianMix","isPartOf":{"@id":"https:\/\/asianmix.hr\/#website"},"datePublished":"2024-10-22T09:01:10+00:00","dateModified":"2024-11-16T08:31:38+00:00","breadcrumb":{"@id":"https:\/\/asianmix.hr\/hr\/uvjeti-prodaje\/#breadcrumb"},"inLanguage":"hr","potentialAction":[{"@type":"ReadAction","target":["https:\/\/asianmix.hr\/hr\/uvjeti-prodaje\/"]}]},{"@type":"BreadcrumbList","@id":"https:\/\/asianmix.hr\/hr\/uvjeti-prodaje\/#breadcrumb","itemListElement":[{"@type":"ListItem","position":1,"name":"Home","item":"https:\/\/asianmix.hr\/hr\/"},{"@type":"ListItem","position":2,"name":"Uvjeti prodaje"}]},{"@type":"WebSite","@id":"https:\/\/asianmix.hr\/#website","url":"https:\/\/asianmix.hr\/","name":"AsianMix","description":"Your premier destination for Asian goods.","publisher":{"@id":"https:\/\/asianmix.hr\/#organization"},"potentialAction":[{"@type":"SearchAction","target":{"@type":"EntryPoint","urlTemplate":"https:\/\/asianmix.hr\/?s={search_term_string}"},"query-input":{"@type":"PropertyValueSpecification","valueRequired":true,"valueName":"search_term_string"}}],"inLanguage":"hr"},{"@type":"Organization","@id":"https:\/\/asianmix.hr\/#organization","name":"AsianMix","url":"https:\/\/asianmix.hr\/","logo":{"@type":"ImageObject","inLanguage":"hr","@id":"https:\/\/asianmix.hr\/#\/schema\/logo\/image\/","url":"https:\/\/asianmix.hr\/wp-content\/uploads\/2024\/10\/asianmix-logo.png","contentUrl":"https:\/\/asianmix.hr\/wp-content\/uploads\/2024\/10\/asianmix-logo.png","width":375,"height":368,"caption":"AsianMix"},"image":{"@id":"https:\/\/asianmix.hr\/#\/schema\/logo\/image\/"},"sameAs":["https:\/\/www.facebook.com\/profile.php?id=100089625785378"]}]}},"_links":{"self":[{"href":"https:\/\/asianmix.hr\/hr\/wp-json\/wp\/v2\/pages\/2312","targetHints":{"allow":["GET"]}}],"collection":[{"href":"https:\/\/asianmix.hr\/hr\/wp-json\/wp\/v2\/pages"}],"about":[{"href":"https:\/\/asianmix.hr\/hr\/wp-json\/wp\/v2\/types\/page"}],"author":[{"embeddable":true,"href":"https:\/\/asianmix.hr\/hr\/wp-json\/wp\/v2\/users\/1"}],"replies":[{"embeddable":true,"href":"https:\/\/asianmix.hr\/hr\/wp-json\/wp\/v2\/comments?post=2312"}],"version-history":[{"count":5,"href":"https:\/\/asianmix.hr\/hr\/wp-json\/wp\/v2\/pages\/2312\/revisions"}],"predecessor-version":[{"id":2609,"href":"https:\/\/asianmix.hr\/hr\/wp-json\/wp\/v2\/pages\/2312\/revisions\/2609"}],"wp:attachment":[{"href":"https:\/\/asianmix.hr\/hr\/wp-json\/wp\/v2\/media?parent=2312"}],"curies":[{"name":"wp","href":"https:\/\/api.w.org\/{rel}","templated":true}]}}